{"id":283,"date":"2021-01-25T11:54:24","date_gmt":"2021-01-25T11:54:24","guid":{"rendered":"https:\/\/faubourgmontreal.com\/1-chambre\/"},"modified":"2025-05-06T14:28:17","modified_gmt":"2025-05-06T14:28:17","slug":"1-chambre","status":"publish","type":"page","link":"https:\/\/faubourgmontreal.com\/fr\/1-chambre\/","title":{"rendered":"1 Chambre"},"content":{"rendered":"","protected":false},"excerpt":{"rendered":"","protected":false},"author":2,"featured_media":0,"parent":0,"menu_order":0,"comment_status":"closed","ping_status":"closed","template":"","meta":{"_acf_changed":false,"footnotes":""},"class_list":["post-283","page","type-page","status-publish","hentry"],"acf":[],"yoast_head":"<!-- This site is optimized with the Yoast SEO plugin v23.8 - https:\/\/yoast.com\/wordpress\/plugins\/seo\/ -->\n<title>Appartements 1 chambre \u00e0 louer | Centre-ville de Montr\u00e9al | Le Faubourg<\/title>\n<meta name=\"description\" content=\"Visitez \u00e0 360\u00b0 les appartements d&#039;une chambre \u00e0 coucher du Faubourg, situ\u00e9s \u00e0 quelques pas du centre-ville de Montr\u00e9al, avec commodit\u00e9s incluses.\" \/>\n<meta name=\"robots\" content=\"index, follow, max-snippet:-1, max-image-preview:large, max-video-preview:-1\" \/>\n<link rel=\"canonical\" href=\"https:\/\/faubourgmontreal.com\/fr\/1-chambre\/\" \/>\n<meta property=\"og:locale\" content=\"fr_FR\" \/>\n<meta property=\"og:type\" content=\"article\" \/>\n<meta property=\"og:title\" content=\"Appartements 1 chambre \u00e0 louer | Centre-ville de Montr\u00e9al | Le Faubourg\" \/>\n<meta property=\"og:description\" content=\"Visitez \u00e0 360\u00b0 les appartements d&#039;une chambre \u00e0 coucher du Faubourg, situ\u00e9s \u00e0 quelques pas du centre-ville de Montr\u00e9al, avec commodit\u00e9s incluses.\" \/>\n<meta property=\"og:url\" content=\"https:\/\/faubourgmontreal.com\/fr\/1-chambre\/\" \/>\n<meta property=\"og:site_name\" content=\"Le Faubourg\" \/>\n<meta property=\"article:modified_time\" content=\"2025-05-06T14:28:17+00:00\" \/>\n<meta name=\"twitter:card\" content=\"summary_large_image\" \/>\n<script type=\"application\/ld+json\" class=\"yoast-schema-graph\">{\"@context\":\"https:\/\/schema.org\",\"@graph\":[{\"@type\":\"WebPage\",\"@id\":\"https:\/\/faubourgmontreal.com\/fr\/1-chambre\/\",\"url\":\"https:\/\/faubourgmontreal.com\/fr\/1-chambre\/\",\"name\":\"Appartements 1 chambre \u00e0 louer | Centre-ville de Montr\u00e9al | Le Faubourg\",\"isPartOf\":{\"@id\":\"https:\/\/faubourgmontreal.com\/#website\"},\"datePublished\":\"2021-01-25T11:54:24+00:00\",\"dateModified\":\"2025-05-06T14:28:17+00:00\",\"description\":\"Visitez \u00e0 360\u00b0 les appartements d'une chambre \u00e0 coucher du Faubourg, situ\u00e9s \u00e0 quelques pas du centre-ville de Montr\u00e9al, avec commodit\u00e9s incluses.\",\"breadcrumb\":{\"@id\":\"https:\/\/faubourgmontreal.com\/fr\/1-chambre\/#breadcrumb\"},\"inLanguage\":\"fr-FR\",\"potentialAction\":[{\"@type\":\"ReadAction\",\"target\":[\"https:\/\/faubourgmontreal.com\/fr\/1-chambre\/\"]}]},{\"@type\":\"BreadcrumbList\",\"@id\":\"https:\/\/faubourgmontreal.com\/fr\/1-chambre\/#breadcrumb\",\"itemListElement\":[{\"@type\":\"ListItem\",\"position\":1,\"name\":\"Home\",\"item\":\"https:\/\/faubourgmontreal.com\/fr\/\"},{\"@type\":\"ListItem\",\"position\":2,\"name\":\"1 Chambre\"}]},{\"@type\":\"WebSite\",\"@id\":\"https:\/\/faubourgmontreal.com\/#website\",\"url\":\"https:\/\/faubourgmontreal.com\/\",\"name\":\"Le Faubourg\",\"description\":\"\",\"potentialAction\":[{\"@type\":\"SearchAction\",\"target\":{\"@type\":\"EntryPoint\",\"urlTemplate\":\"https:\/\/faubourgmontreal.com\/?s={search_term_string}\"},\"query-input\":{\"@type\":\"PropertyValueSpecification\",\"valueRequired\":true,\"valueName\":\"search_term_string\"}}],\"inLanguage\":\"fr-FR\"}]}<\/script>\n<!-- \/ Yoast SEO plugin. -->","yoast_head_json":{"title":"Appartements 1 chambre \u00e0 louer | Centre-ville de Montr\u00e9al | Le Faubourg","description":"Visitez \u00e0 360\u00b0 les appartements d'une chambre \u00e0 coucher du Faubourg, situ\u00e9s \u00e0 quelques pas du centre-ville de Montr\u00e9al, avec commodit\u00e9s incluses.","robots":{"index":"index","follow":"follow","max-snippet":"max-snippet:-1","max-image-preview":"max-image-preview:large","max-video-preview":"max-video-preview:-1"},"canonical":"https:\/\/faubourgmontreal.com\/fr\/1-chambre\/","og_locale":"fr_FR","og_type":"article","og_title":"Appartements 1 chambre \u00e0 louer | Centre-ville de Montr\u00e9al | Le Faubourg","og_description":"Visitez \u00e0 360\u00b0 les appartements d'une chambre \u00e0 coucher du Faubourg, situ\u00e9s \u00e0 quelques pas du centre-ville de Montr\u00e9al, avec commodit\u00e9s incluses.","og_url":"https:\/\/faubourgmontreal.com\/fr\/1-chambre\/","og_site_name":"Le Faubourg","article_modified_time":"2025-05-06T14:28:17+00:00","twitter_card":"summary_large_image","schema":{"@context":"https:\/\/schema.org","@graph":[{"@type":"WebPage","@id":"https:\/\/faubourgmontreal.com\/fr\/1-chambre\/","url":"https:\/\/faubourgmontreal.com\/fr\/1-chambre\/","name":"Appartements 1 chambre \u00e0 louer | Centre-ville de Montr\u00e9al | Le Faubourg","isPartOf":{"@id":"https:\/\/faubourgmontreal.com\/#website"},"datePublished":"2021-01-25T11:54:24+00:00","dateModified":"2025-05-06T14:28:17+00:00","description":"Visitez \u00e0 360\u00b0 les appartements d'une chambre \u00e0 coucher du Faubourg, situ\u00e9s \u00e0 quelques pas du centre-ville de Montr\u00e9al, avec commodit\u00e9s incluses.","breadcrumb":{"@id":"https:\/\/faubourgmontreal.com\/fr\/1-chambre\/#breadcrumb"},"inLanguage":"fr-FR","potentialAction":[{"@type":"ReadAction","target":["https:\/\/faubourgmontreal.com\/fr\/1-chambre\/"]}]},{"@type":"BreadcrumbList","@id":"https:\/\/faubourgmontreal.com\/fr\/1-chambre\/#breadcrumb","itemListElement":[{"@type":"ListItem","position":1,"name":"Home","item":"https:\/\/faubourgmontreal.com\/fr\/"},{"@type":"ListItem","position":2,"name":"1 Chambre"}]},{"@type":"WebSite","@id":"https:\/\/faubourgmontreal.com\/#website","url":"https:\/\/faubourgmontreal.com\/","name":"Le Faubourg","description":"","potentialAction":[{"@type":"SearchAction","target":{"@type":"EntryPoint","urlTemplate":"https:\/\/faubourgmontreal.com\/?s={search_term_string}"},"query-input":{"@type":"PropertyValueSpecification","valueRequired":true,"valueName":"search_term_string"}}],"inLanguage":"fr-FR"}]}},"_links":{"self":[{"href":"https:\/\/faubourgmontreal.com\/fr\/wp-json\/wp\/v2\/pages\/283","targetHints":{"allow":["GET"]}}],"collection":[{"href":"https:\/\/faubourgmontreal.com\/fr\/wp-json\/wp\/v2\/pages"}],"about":[{"href":"https:\/\/faubourgmontreal.com\/fr\/wp-json\/wp\/v2\/types\/page"}],"author":[{"embeddable":true,"href":"https:\/\/faubourgmontreal.com\/fr\/wp-json\/wp\/v2\/users\/2"}],"replies":[{"embeddable":true,"href":"https:\/\/faubourgmontreal.com\/fr\/wp-json\/wp\/v2\/comments?post=283"}],"version-history":[{"count":0,"href":"https:\/\/faubourgmontreal.com\/fr\/wp-json\/wp\/v2\/pages\/283\/revisions"}],"wp:attachment":[{"href":"https:\/\/faubourgmontreal.com\/fr\/wp-json\/wp\/v2\/media?parent=283"}],"curies":[{"name":"wp","href":"https:\/\/api.w.org\/{rel}","templated":true}]}}